{"id":339,"date":"2021-04-05T18:23:46","date_gmt":"2021-04-05T18:23:46","guid":{"rendered":"https:\/\/niwikowin.ca\/?page_id=339"},"modified":"2025-02-20T23:13:21","modified_gmt":"2025-02-20T23:13:21","slug":"nik%c8%8bk%c8%8fwin-metis-family-services","status":"publish","type":"page","link":"https:\/\/niwikowin.ca\/","title":{"rendered":"Niw\u020b\u0137\u020fwin M\u00e9tis Family Services"},"content":{"rendered":"\n<h6 class=\"wp-block-heading has-text-align-center\"><strong>\u201cBringing M\u00e9tis Families Together\u201d<\/strong><\/h6>\n\n\n\n<h6 class=\"wp-block-heading\"><strong>Niw\u020b\u0137\u020fwin M\u00e9tis Family Services Society is a non-profit society that was founded in 2003 under the name of Kikino M\u00e9tis Children Family Services Society, as a need was recognized that M\u00e9tis children and families living in the Prince George region did not have direct access to culturally specific advocacy and support services, exclusive to their M\u00e9tis heritage. We provide broad-based community prevention and education programs that are geared towards everyone in the community, as we recognize that all families need support in raising their children. Our programs are designed to nourish the dignity and integrity of the family, to build community spirit and to affirm our M\u00e9tis cultural identity.<\/strong><\/h6>\n\n\n\n<div class=\"wp-block-cover is-light has-white-color has-text-color has-link-color wp-elements-b2e84fcb9cddd84f35e504feb8774cd7\" style=\"min-height:292px;aspect-ratio:unset;\"><span aria-hidden=\"true\" class=\"wp-block-cover__background has-background-dim\"><\/span><img fetchpriority=\"high\" decoding=\"async\" width=\"927\" height=\"249\" class=\"wp-block-cover__image-background wp-image-88\" alt=\"\" src=\"https:\/\/niwikowin.ca\/wp-content\/uploads\/2021\/04\/image-5.jpeg\" data-object-fit=\"cover\" srcset=\"https:\/\/niwikowin.ca\/wp-content\/uploads\/2021\/04\/image-5.jpeg 927w, https:\/\/niwikowin.ca\/wp-content\/uploads\/2021\/04\/image-5-300x81.jpeg 300w, https:\/\/niwikowin.ca\/wp-content\/uploads\/2021\/04\/image-5-768x206.jpeg 768w\" sizes=\"(max-width: 927px) 100vw, 927px\" \/><div class=\"wp-block-cover__inner-container is-layout-flow wp-block-cover-is-layout-flow\">\n<p><\/p>\n\n\n\n<p class=\"has-medium-font-size\">\u201cMy people will sleep for hundred years, but when they awake, it will be the artists who give them their spirit back.\u201d<\/p>\n\n\n\n<p>                                                                                                                                                                 <strong>-Louis Riel<\/strong><\/p>\n<\/div><\/div>\n\n\n\n<div class=\"wp-block-columns is-layout-flex wp-container-core-columns-is-layout-28f84493 wp-block-columns-is-layout-flex\">\n<div class=\"wp-block-column is-layout-flow wp-block-column-is-layout-flow\"><\/div>\n\n\n\n<div class=\"wp-block-column is-layout-flow wp-block-column-is-layout-flow\"><\/div>\n\n\n\n<div class=\"wp-block-column is-layout-flow wp-block-column-is-layout-flow\"><\/div>\n<\/div>\n\n\n\n<h6 class=\"wp-block-heading has-normal-font-size\"><strong>Our&nbsp;Mission<\/strong><\/h6>\n\n\n\n<h6 class=\"wp-block-heading\">The Niw\u020b\u0137\u020fwin M\u00e9tis Family Services Society (NMFSS) provides holistic services that promote the physical, mental, cultural,&nbsp;emotional and spiritual well-being of M\u00e9tis children and families in the Prince George area.<\/h6>\n\n\n\n<h6 class=\"wp-block-heading has-normal-font-size\"><strong>Our Vision<\/strong><\/h6>\n\n\n\n<p class=\"has-normal-font-size\"><strong>Children and families working with&nbsp;Niw\u020b\u0137\u020fwin&nbsp;&nbsp;M\u00e9tis Family Services Society will have increased health and well-being through:<\/strong><\/p>\n\n\n\n<ul class=\"wp-block-list\">\n<li>Cultural awareness and connection;<\/li>\n\n\n\n<li class=\"has-normal-font-size\">Recognition of the importance of a healthy family environment; and<\/li>\n\n\n\n<li>Relationships among M\u00e9tis Elders and our youth, our families, and our community.<\/li>\n<\/ul>\n\n\n\n<h6 class=\"wp-block-heading has-normal-font-size\"><strong>Our Values<\/strong><\/h6>\n\n\n\n<h6 class=\"wp-block-heading has-normal-font-size\"><\/h6>\n\n\n\n<p><strong>Family<\/strong><br>Keeping children together with families or in their own community wherever possible.<\/p>\n\n\n\n<p><strong>Children\u2019s Rights<\/strong><br>Upholding the rights of our children to live up to their greatest potential.<\/p>\n\n\n\n<p><strong>Culture<\/strong><br>Preserving and promoting&nbsp;M\u00e9tis&nbsp;heritage and language.<\/p>\n\n\n\n<p><strong>Fairness<\/strong><br>Using due process, justice, and fairness in the management of the Society and in delivery of services and programs.<\/p>\n\n\n\n<p><strong>Accountability<\/strong><br>Ensuring efficient, effective, transparent and prudent use of all Society resources.<\/p>\n\n\n\n<p><strong>Holistic Wellness<\/strong><br>Integrating an holistic and culturally appropriate approach to serving the educational, emotional, physical, and cultural needs of children and families in our care.<\/p>\n\n\n\n<p><strong>Trust, Respect<\/strong><br>Ensuring everyone\u2019s voices are heard; creating emotional safety, partnerships, and healthy families for child attachment.<\/p>\n\n\n\n<p><\/p>\n\n\n\n<h6 class=\"wp-block-heading has-normal-font-size\"><\/h6>\n\n\n\n<div class=\"wp-block-columns is-layout-flex wp-container-core-columns-is-layout-28f84493 wp-block-columns-is-layout-flex\">\n<div class=\"wp-block-column is-layout-flow wp-block-column-is-layout-flow\">\n<figure class=\"wp-block-embed is-type-video is-provider-youtube wp-block-embed-youtube wp-embed-aspect-16-9 wp-has-aspect-ratio\"><div class=\"wp-block-embed__wrapper\">\n<iframe title=\"&quot;We Are M\u00e9tis&quot;\" width=\"750\" height=\"422\" src=\"https:\/\/www.youtube.com\/embed\/6bEGwt-Ghpo?start=3&#038;feature=oembed\" frameborder=\"0\" allow=\"accelerometer; autoplay; clipboard-write; encrypted-media; gyroscope; picture-in-picture; web-share\" referrerpolicy=\"strict-origin-when-cross-origin\" allowfullscreen><\/iframe>\n<\/div><\/figure>\n<\/div>\n\n\n\n<div class=\"wp-block-column is-layout-flow wp-block-column-is-layout-flow\">\n<h1 class=\"wp-block-heading\"><strong>\u201cWe Are&nbsp;M\u00e9tis\u201d<\/strong><\/h1>\n\n\n\n<h6 class=\"wp-block-heading has-medium-font-size\" style=\"text-transform:none\"><strong>A video focusing on M\u00e9tis culture and heritage; created by the Niw\u00ee\u0137\u00f4win M\u00e9tis Family Services Society located in Prince George, British Columbia, Canada.<\/strong><\/h6>\n<\/div>\n<\/div>\n\n\n\n<p><\/p>\n","protected":false},"excerpt":{"rendered":"<p>\u201cBringing M\u00e9tis Families Together\u201d Niw\u020b\u0137\u020fwin M\u00e9tis Family Services Society is a non-profit society that was founded in 2003 under the name of Kikino M\u00e9tis Children Family Services Society, as a need was recognized that M\u00e9tis children and families living in the Prince George region did not have direct access to [&hellip;]<\/p>\n","protected":false},"author":2,"featured_media":13,"parent":0,"menu_order":0,"comment_status":"closed","ping_status":"closed","template":"elementor_theme","meta":{"footnotes":""},"class_list":["post-339","page","type-page","status-publish","has-post-thumbnail","hentry"],"_links":{"self":[{"href":"https:\/\/niwikowin.ca\/index.php?rest_route=\/wp\/v2\/pages\/339","targetHints":{"allow":["GET"]}}],"collection":[{"href":"https:\/\/niwikowin.ca\/index.php?rest_route=\/wp\/v2\/pages"}],"about":[{"href":"https:\/\/niwikowin.ca\/index.php?rest_route=\/wp\/v2\/types\/page"}],"author":[{"embeddable":true,"href":"https:\/\/niwikowin.ca\/index.php?rest_route=\/wp\/v2\/users\/2"}],"replies":[{"embeddable":true,"href":"https:\/\/niwikowin.ca\/index.php?rest_route=%2Fwp%2Fv2%2Fcomments&post=339"}],"version-history":[{"count":12,"href":"https:\/\/niwikowin.ca\/index.php?rest_route=\/wp\/v2\/pages\/339\/revisions"}],"predecessor-version":[{"id":498,"href":"https:\/\/niwikowin.ca\/index.php?rest_route=\/wp\/v2\/pages\/339\/revisions\/498"}],"wp:featuredmedia":[{"embeddable":true,"href":"https:\/\/niwikowin.ca\/index.php?rest_route=\/wp\/v2\/media\/13"}],"wp:attachment":[{"href":"https:\/\/niwikowin.ca\/index.php?rest_route=%2Fwp%2Fv2%2Fmedia&parent=339"}],"curies":[{"name":"wp","href":"https:\/\/api.w.org\/{rel}","templated":true}]}}